{"id":2,"date":"2014-11-21T04:51:49","date_gmt":"2014-11-21T04:51:49","guid":{"rendered":"http:\/\/localhost\/wordpress-4.0.1\/wordpress\/?page_id=2"},"modified":"2023-04-24T19:02:27","modified_gmt":"2023-04-24T19:02:27","slug":"sample-page","status":"publish","type":"page","link":"https:\/\/www.osvaldohernandez.de\/web\/?page_id=2","title":{"rendered":"Home"},"content":{"rendered":"<p><a href=\"http:\/\/www.osvaldohernandez.de\/web\/wp-content\/uploads\/2023\/04\/Foto-Cuba.jpg\"><img decoding=\"async\" loading=\"lazy\" class=\"alignnone wp-image-253 size-medium\" src=\"http:\/\/www.osvaldohernandez.de\/web\/wp-content\/uploads\/2023\/04\/Foto-Cuba-300x202.jpg\" alt=\"\" width=\"300\" height=\"202\" srcset=\"https:\/\/www.osvaldohernandez.de\/web\/wp-content\/uploads\/2023\/04\/Foto-Cuba-300x202.jpg 300w, https:\/\/www.osvaldohernandez.de\/web\/wp-content\/uploads\/2023\/04\/Foto-Cuba-1024x690.jpg 1024w, https:\/\/www.osvaldohernandez.de\/web\/wp-content\/uploads\/2023\/04\/Foto-Cuba-768x518.jpg 768w, https:\/\/www.osvaldohernandez.de\/web\/wp-content\/uploads\/2023\/04\/Foto-Cuba-1536x1035.jpg 1536w, https:\/\/www.osvaldohernandez.de\/web\/wp-content\/uploads\/2023\/04\/Foto-Cuba.jpg 2048w\" sizes=\"(max-width: 300px) 100vw, 300px\" \/><\/a><\/p>\n<p>Herzlich Willkommen auf meiner Webseite!<\/p>\n<p>Sie bekommen hier u.a. Einblicke und Informationen zu meiner Person, meinen p\u00e4dagogischen Konzepten und meinen laufenden Projekten.<\/p>\n<p>Au\u00dferdem k\u00f6nnen\u00a0Sie an dieser Stelle einige Demos h\u00f6ren.<\/p>\n<p>Ich versuche stets, diese Seite aktuell zu halten und neue Informationen, Musikst\u00fccke und Bilder f\u00fcr Sie zur Verf\u00fcgung zu stellen. Deswegen: kommen Sie mal wieder vorbei! Auf Ihr Besuch freue ich mich schon.<\/p>\n<p>Viel Spa\u00df!<br \/>\n<em>Osvaldo Hern\u00e1ndez<\/em><\/p>\n","protected":false},"excerpt":{"rendered":"<p>Herzlich Willkommen auf meiner Webseite! Sie bekommen hier u.a. Einblicke und Informationen zu meiner Person, meinen p\u00e4dagogischen Konzepten und meinen laufenden Projekten. Au\u00dferdem k\u00f6nnen\u00a0Sie an dieser Stelle einige Demos h\u00f6ren.&hellip; <\/p>\n","protected":false},"author":1,"featured_media":0,"parent":0,"menu_order":0,"comment_status":"closed","ping_status":"closed","template":"","meta":{"footnotes":""},"_links":{"self":[{"href":"https:\/\/www.osvaldohernandez.de\/web\/index.php?rest_route=\/wp\/v2\/pages\/2"}],"collection":[{"href":"https:\/\/www.osvaldohernandez.de\/web\/index.php?rest_route=\/wp\/v2\/pages"}],"about":[{"href":"https:\/\/www.osvaldohernandez.de\/web\/index.php?rest_route=\/wp\/v2\/types\/page"}],"author":[{"embeddable":true,"href":"https:\/\/www.osvaldohernandez.de\/web\/index.php?rest_route=\/wp\/v2\/users\/1"}],"replies":[{"embeddable":true,"href":"https:\/\/www.osvaldohernandez.de\/web\/index.php?rest_route=%2Fwp%2Fv2%2Fcomments&post=2"}],"version-history":[{"count":8,"href":"https:\/\/www.osvaldohernandez.de\/web\/index.php?rest_route=\/wp\/v2\/pages\/2\/revisions"}],"predecessor-version":[{"id":254,"href":"https:\/\/www.osvaldohernandez.de\/web\/index.php?rest_route=\/wp\/v2\/pages\/2\/revisions\/254"}],"wp:attachment":[{"href":"https:\/\/www.osvaldohernandez.de\/web\/index.php?rest_route=%2Fwp%2Fv2%2Fmedia&parent=2"}],"curies":[{"name":"wp","href":"https:\/\/api.w.org\/{rel}","templated":true}]}}