{"id":38,"date":"2014-12-10T16:51:04","date_gmt":"2014-12-10T16:51:04","guid":{"rendered":"http:\/\/www.osvaldohernandez.de\/web\/?page_id=38"},"modified":"2023-05-11T21:31:13","modified_gmt":"2023-05-11T21:31:13","slug":"unterricht","status":"publish","type":"page","link":"https:\/\/www.osvaldohernandez.de\/web\/?page_id=38","title":{"rendered":"Unterricht"},"content":{"rendered":"<h2><a href=\"http:\/\/www.osvaldohernandez.de\/web\/wp-content\/uploads\/2023\/05\/bf8ac822-6132-4592-9826-cf26fa192ddc-1-1.jpg\"><img decoding=\"async\" loading=\"lazy\" class=\"alignnone wp-image-266 size-medium\" src=\"http:\/\/www.osvaldohernandez.de\/web\/wp-content\/uploads\/2023\/05\/bf8ac822-6132-4592-9826-cf26fa192ddc-1-1-200x300.jpg\" alt=\"\" width=\"200\" height=\"300\" srcset=\"https:\/\/www.osvaldohernandez.de\/web\/wp-content\/uploads\/2023\/05\/bf8ac822-6132-4592-9826-cf26fa192ddc-1-1-200x300.jpg 200w, https:\/\/www.osvaldohernandez.de\/web\/wp-content\/uploads\/2023\/05\/bf8ac822-6132-4592-9826-cf26fa192ddc-1-1-682x1024.jpg 682w, https:\/\/www.osvaldohernandez.de\/web\/wp-content\/uploads\/2023\/05\/bf8ac822-6132-4592-9826-cf26fa192ddc-1-1-768x1153.jpg 768w, https:\/\/www.osvaldohernandez.de\/web\/wp-content\/uploads\/2023\/05\/bf8ac822-6132-4592-9826-cf26fa192ddc-1-1-1023x1536.jpg 1023w, https:\/\/www.osvaldohernandez.de\/web\/wp-content\/uploads\/2023\/05\/bf8ac822-6132-4592-9826-cf26fa192ddc-1-1.jpg 1066w\" sizes=\"(max-width: 200px) 100vw, 200px\" \/><\/a><\/h2>\n<h2>Musik erlernen &#8211; mit Spa\u00df und effektiv.<\/h2>\n<p>Mein Ziel ist es, Ihnen zu erm\u00f6glichen, Ihre Begeisterung f\u00fcr Musik durch Ihr Instrument auszudr\u00fccken.<\/p>\n<p>Um Ihnen eine umfangreiche musikalische Ausbildung zu gew\u00e4hren, verbinde ich den Instrumental-Unterricht mit der Vermittlung musiktheoretischer Grundlagen aus der klassischen und der popul\u00e4ren Musik.<\/p>\n<p>Folgende Unterrichtsinhalte werden dabei kombiniert:<\/p>\n<h3>Instrumental-Lehre:<\/h3>\n<ul>\n<li>akustische Gitarre als Solo- und Begleitinstrument<\/li>\n<li>elektrische Bass-Gitarre<\/li>\n<li>Tres (kubansiche Gitarre)<\/li>\n<\/ul>\n<h3>\u00a0Unterrichtsgeb\u00fchren:<\/h3>\n<ul>\n<li>Einzelunterricht \/ 30 Min. w\u00f6chentlich: 80,00 \u00a0\u20ac pro Monat<\/li>\n<li>Einzelunterricht \/ 45 Min. w\u00f6chentlich: 100,00 \u20ac pro Monat<\/li>\n<li>Gruppenunterricht &#8211; 2 Sch\u00fcler \/ 30 Min. w\u00f6chentlich: 50,00 \u20ac pro Sch\u00fcler pro Monat<\/li>\n<li>Gruppenunterricht &#8211; 2 Sch\u00fcler \/ 45 Min. w\u00f6chentlich: 70,00 \u20ac pro Sch\u00fcler pro Monat<\/li>\n<\/ul>\n<p>Damit auch Familie, Freunde und Verwandte an Ihren K\u00fcnsten teilhaben k\u00f6nnen, veranstalte ich regelm\u00e4\u00dfig Lehrer-Sch\u00fcler-Konzerte.<\/p>\n","protected":false},"excerpt":{"rendered":"<p>Musik erlernen &#8211; mit Spa\u00df und effektiv. Mein Ziel ist es, Ihnen zu erm\u00f6glichen, Ihre Begeisterung f\u00fcr Musik durch Ihr Instrument auszudr\u00fccken. Um Ihnen eine umfangreiche musikalische Ausbildung zu gew\u00e4hren,&hellip; <\/p>\n","protected":false},"author":1,"featured_media":10,"parent":0,"menu_order":5,"comment_status":"closed","ping_status":"closed","template":"","meta":{"footnotes":""},"_links":{"self":[{"href":"https:\/\/www.osvaldohernandez.de\/web\/index.php?rest_route=\/wp\/v2\/pages\/38"}],"collection":[{"href":"https:\/\/www.osvaldohernandez.de\/web\/index.php?rest_route=\/wp\/v2\/pages"}],"about":[{"href":"https:\/\/www.osvaldohernandez.de\/web\/index.php?rest_route=\/wp\/v2\/types\/page"}],"author":[{"embeddable":true,"href":"https:\/\/www.osvaldohernandez.de\/web\/index.php?rest_route=\/wp\/v2\/users\/1"}],"replies":[{"embeddable":true,"href":"https:\/\/www.osvaldohernandez.de\/web\/index.php?rest_route=%2Fwp%2Fv2%2Fcomments&post=38"}],"version-history":[{"count":5,"href":"https:\/\/www.osvaldohernandez.de\/web\/index.php?rest_route=\/wp\/v2\/pages\/38\/revisions"}],"predecessor-version":[{"id":267,"href":"https:\/\/www.osvaldohernandez.de\/web\/index.php?rest_route=\/wp\/v2\/pages\/38\/revisions\/267"}],"wp:featuredmedia":[{"embeddable":true,"href":"https:\/\/www.osvaldohernandez.de\/web\/index.php?rest_route=\/wp\/v2\/media\/10"}],"wp:attachment":[{"href":"https:\/\/www.osvaldohernandez.de\/web\/index.php?rest_route=%2Fwp%2Fv2%2Fmedia&parent=38"}],"curies":[{"name":"wp","href":"https:\/\/api.w.org\/{rel}","templated":true}]}}